{"id":358,"date":"2023-06-09T08:00:32","date_gmt":"2023-06-09T08:00:32","guid":{"rendered":"https:\/\/remcuadunglai.com\/?post_type=product&#038;p=358"},"modified":"2023-06-09T08:00:34","modified_gmt":"2023-06-09T08:00:34","slug":"rem-vai-thong-minh-2-lop","status":"publish","type":"product","link":"https:\/\/remcuadunglai.com\/?product=rem-vai-thong-minh-2-lop","title":{"rendered":"R\u00e8m v\u1ea3i th\u00f4ng minh 2 l\u1edbp"},"content":{"rendered":"<p>+\u00a0<em><strong>R\u00e8m c\u1eeda 2 l\u1edbp<\/strong><\/em>\u00a0gi\u00fap anh ch\u1ecb \u0111i\u1ec1u ch\u1ec9nh \u00e1nh s\u00e1ng v\u00e0o nh\u00e0 m\u1ed9t c\u00e1ch d\u1ec5 d\u00e0ng, t\u00f9y theo \u00fd th\u00edch c\u1ee7a m\u00ecnh.<\/p>\n<p>+\u00a0<em><strong>Thi\u1ebft k\u1ebf r\u00e8m c\u1eeda 2 l\u1edbp l\u00e0 thi\u1ebft k\u1ebf r\u00e8m sang tr\u1ecdng v\u00e0 hi\u1ec7n \u0111\u1ea1i<\/strong><\/em>\u00a0nh\u1ea5t, ph\u00f9 h\u1ee3p l\u1eafp \u0111\u1eb7t cho m\u1ecdi kh\u00f4ng gian c\u1eeda, l\u00e0m t\u00f4n l\u00ean v\u1ebb \u0111\u1eb9p sang tr\u1ecdng v\u00e0 qu\u00fd ph\u00e1i, th\u1ec3 hi\u1ec7n s\u1ef1 \u0111\u1eb3ng c\u1ea5p c\u1ee7a gia ch\u1ee7.<\/p>\n<p>+ Thi\u1ebft k\u1ebf\u00a0<em><strong>r\u00e8m 2 l\u1edbp c\u00f3 nhi\u1ec1u ch\u1ea5t li\u1ec7u v\u1ea3i v\u00e0 tone m\u00e0u kh\u00e1c nhau<\/strong><\/em>\u00a0\u0111\u1ec3 anh ch\u1ecb th\u1ecfa th\u00edch l\u1ef1a ch\u1ecdn, trang tr\u00ed ph\u1ed1i m\u00e0u cho b\u1ed9 r\u00e8m ng\u00f4i nh\u00e0 c\u1ee7a m\u00ecnh.<\/p>\n<p>+<em><strong>\u00a0R\u00e8m 2 l\u1edbp c\u00f3 vai tr\u00f2 ch\u1ed1ng n\u1eafng, c\u1ea3n tia Uv \u0111\u1ed9c h\u1ea1i<\/strong><\/em>\u00a0r\u1ea5t t\u1ed1t, t\u1eeb \u0111\u00f3 gi\u00fap b\u1ea3o v\u1ec7 s\u1ee9c kh\u1ecfe v\u00e0 nh\u1eefng m\u00f3n \u0111\u1ed3 n\u1ed9i th\u1ea5t, v\u1eadt d\u1ee5ng c\u00e1 nh\u00e2n \u0111\u1eaft ti\u1ec1n trong nh\u00e0 c\u1ee7a b\u1ea1n.<\/p>\n<p>+ \u1ede nh\u1eefng khu \u0111\u00f4ng d\u00e2n c\u01b0 \u1ed3n \u00e0o th\u00ec b\u1ed9<strong><em>\u00a0r\u00e8m c\u1eeda 2 l\u1edbp s\u1ebd c\u00f2n c\u00f3 t\u00e1c d\u1ee5ng c\u1ea3n ti\u1ebfng \u1ed3n t\u1eeb b\u00ean ngo\u00e0i<\/em><\/strong>\u00a0t\u1eeb \u0111\u00f3 mang \u0111\u1ebfn cho b\u1ea1n kh\u00f4ng gian y\u00ean t\u0129nh \u0111\u1ec3 ngh\u1ec9 ng\u01a1i v\u00e0 th\u01b0 gi\u00e3n sau m\u1ed9t ng\u00e0y l\u00e0m vi\u1ec7c.<\/p>\n<p>+ B\u1ed9<strong><em>\u00a0r\u00e8m 2 l\u1edbp \u00edt b\u1ecb b\u00e1m b\u1ee5i, d\u1ec5 l\u00e0m s\u1ea1ch<\/em>\u00a0<\/strong>v\u00e0 v\u1ec7 sinh nhanh ch\u00f3ng.<\/p>\n","protected":false},"excerpt":{"rendered":"<p>\u1edbi\u00a0<em><strong>m\u1ed9t<\/strong>\u00a0<strong>b\u1ed9 r\u00e8m c\u1eeda 2 l\u1edbp s\u1ebd g\u1ed3m c\u00f3 m\u1ed9t l\u1edbp v\u1ea3i ch\u00ednh ch\u1ed1ng n\u1eafng v\u00e0 m\u1ed9t l\u1edbp voan l\u1ea5y s\u00e1ng<\/strong><\/em>, l\u1edbp v\u1ea3i ch\u1ed1ng n\u1eafng c\u00f3 vai tr\u00f2 che n\u1eafng v\u00e0 c\u1ea3n s\u00e1ng m\u1ea1nh \u0111\u1ec3 kh\u00f4ng kh\u00ed trong nh\u00e0 lu\u00f4n m\u00e1t m\u1ebb v\u00e0 d\u1ec5 ch\u1ecbu, c\u00f2n m\u1ed7i khi mu\u1ed1n l\u1ea5y s\u00e1ng d\u1ecbu nh\u1eb9 th\u00ec d\u00f9ng l\u1edbp v\u1ea3i voan.<\/p>\n","protected":false},"featured_media":359,"comment_status":"open","ping_status":"closed","template":"","meta":[],"product_cat":[75],"product_tag":[81,85,86],"class_list":{"0":"post-358","1":"product","2":"type-product","3":"status-publish","4":"has-post-thumbnail","6":"product_cat-remthongminh","7":"product_tag-remhiendai","8":"product_tag-rem-thong-minh","9":"product_tag-remd-thong-minh-2-lop","11":"first","12":"instock","13":"shipping-taxable","14":"product-type-simple"},"_links":{"self":[{"href":"https:\/\/remcuadunglai.com\/index.php?rest_route=\/wp\/v2\/product\/358","targetHints":{"allow":["GET"]}}],"collection":[{"href":"https:\/\/remcuadunglai.com\/index.php?rest_route=\/wp\/v2\/product"}],"about":[{"href":"https:\/\/remcuadunglai.com\/index.php?rest_route=\/wp\/v2\/types\/product"}],"replies":[{"embeddable":true,"href":"https:\/\/remcuadunglai.com\/index.php?rest_route=%2Fwp%2Fv2%2Fcomments&post=358"}],"wp:featuredmedia":[{"embeddable":true,"href":"https:\/\/remcuadunglai.com\/index.php?rest_route=\/wp\/v2\/media\/359"}],"wp:attachment":[{"href":"https:\/\/remcuadunglai.com\/index.php?rest_route=%2Fwp%2Fv2%2Fmedia&parent=358"}],"wp:term":[{"taxonomy":"product_cat","embeddable":true,"href":"https:\/\/remcuadunglai.com\/index.php?rest_route=%2Fwp%2Fv2%2Fproduct_cat&post=358"},{"taxonomy":"product_tag","embeddable":true,"href":"https:\/\/remcuadunglai.com\/index.php?rest_route=%2Fwp%2Fv2%2Fproduct_tag&post=358"}],"curies":[{"name":"wp","href":"https:\/\/api.w.org\/{rel}","templated":true}]}}