{"id":366,"date":"2023-06-09T08:10:29","date_gmt":"2023-06-09T08:10:29","guid":{"rendered":"https:\/\/remcuadunglai.com\/?post_type=product&#038;p=366"},"modified":"2023-06-09T08:12:12","modified_gmt":"2023-06-09T08:12:12","slug":"rem-bat-xep-tu-dong","status":"publish","type":"product","link":"https:\/\/remcuadunglai.com\/?product=rem-bat-xep-tu-dong","title":{"rendered":"R\u00e8m b\u1ea1t x\u1ebfp t\u1ef1 \u0111\u1ed9ng"},"content":{"rendered":"<p>V\u1edbi nhi\u1ec1u \u01b0u \u0111i\u1ec3m c\u00f9ng t\u00ednh n\u0103ng v\u01b0\u1ee3t tr\u1ed9i, R\u00e8m cu\u1ed1n che n\u1eafng t\u1ef1 \u0111\u1ed9ng D\u0168NG L\u00c0I nhanh ch\u00f3ng kh\u1eb3ng \u0111\u1ecbnh \u0111\u01b0\u1ee3c v\u1ecb th\u1ebf c\u1ee7a m\u00ecnh tr\u00ean th\u1ecb tr\u01b0\u1eddng r\u00e8m c\u1eeda. S\u1ea3n ph\u1ea9m \u0111\u01b0\u1ee3c \u1ee9ng d\u1ee5ng r\u1ed9ng r\u00e3i v\u00e0o trong \u0111\u1eddi s\u1ed1ng v\u00e0 \u0111\u01b0\u1ee3c xem l\u00e0 l\u1ef1a ch\u1ecdn ho\u00e0n h\u1ea3o cho gia \u0111\u00ecnh, nh\u00e0 h\u00e0ng, qu\u00e1n cafe,.. N\u1ebfu b\u1ea1n v\u1eabn ph\u00e2n v\u00e2n kh\u00f4ng bi\u1ebft c\u00f3 n\u00ean l\u1eafp r\u00e8m cu\u1ed1n che n\u1eafng\u00a0 t\u1ef1 \u0111\u1ed9ng hay kh\u00f4ng h\u00e3y tham kh\u1ea3o b\u00e0i vi\u1ebft d\u01b0\u1edbi \u0111\u00e2y c\u1ee7a ch\u00fang t\u00f4i.<\/p>\n","protected":false},"excerpt":{"rendered":"<h2>Nh\u1eefng \u01afu \u0110i\u1ec3m C\u1ee7a R\u00e8m C\u1eeda T\u1ef1 \u0110\u1ed9ng<\/h2>\n<p>Cu\u1ed9c s\u1ed1ng ng\u00e0y c\u00e0ng hi\u1ec7n \u0111\u1ea1i, m\u1ecdi th\u1ee9 d\u1ea7n \u0111\u01b0\u1ee3c thay th\u1ebf b\u1eb1ng t\u1ef1 \u0111\u1ed9ng h\u00f3a. \u0110\u00f2i h\u1ecfi ng\u01b0\u1eddi ti\u00eau d\u00f9ng ph\u1ea3i lu\u00f4n l\u00e0 ng\u01b0\u1eddi th\u00f4ng minh, tinh t\u1ebf trong vi\u1ec7c l\u1ef1a ch\u1ecdn phong c\u00e1ch, c\u00e1c thi\u1ebft b\u1ecb n\u1ed9i, ngo\u1ea1i th\u1ea5t cho ng\u00f4i nh\u00e0 th\u00e2n y\u00eau c\u1ee7a m\u00ecnh. b\u1ea1t t\u1ef1 fdoo<\/p>\n<h4><em><strong>R\u00e8m C\u1eeda T\u1ef1 \u0110\u1ed9ng Ngo\u00e0i Tr\u1eddi Che N\u1eafng M\u01b0a Ban C\u00f4ng C\u0103n H\u1ed9 Bi\u1ec7t Th\u1ef1 Nh\u00e0 Ph\u1ed1batxeptudongb\u1ea1t\u00a0<\/strong><\/em><\/h4>\n","protected":false},"featured_media":355,"comment_status":"open","ping_status":"closed","template":"","meta":[],"product_cat":[76],"product_tag":[88,87],"class_list":{"0":"post-366","1":"product","2":"type-product","3":"status-publish","4":"has-post-thumbnail","6":"product_cat-rembat","7":"product_tag-bat-tu-dong","8":"product_tag-bat-xep-tu-dong","10":"first","11":"instock","12":"shipping-taxable","13":"product-type-simple"},"_links":{"self":[{"href":"https:\/\/remcuadunglai.com\/index.php?rest_route=\/wp\/v2\/product\/366","targetHints":{"allow":["GET"]}}],"collection":[{"href":"https:\/\/remcuadunglai.com\/index.php?rest_route=\/wp\/v2\/product"}],"about":[{"href":"https:\/\/remcuadunglai.com\/index.php?rest_route=\/wp\/v2\/types\/product"}],"replies":[{"embeddable":true,"href":"https:\/\/remcuadunglai.com\/index.php?rest_route=%2Fwp%2Fv2%2Fcomments&post=366"}],"wp:featuredmedia":[{"embeddable":true,"href":"https:\/\/remcuadunglai.com\/index.php?rest_route=\/wp\/v2\/media\/355"}],"wp:attachment":[{"href":"https:\/\/remcuadunglai.com\/index.php?rest_route=%2Fwp%2Fv2%2Fmedia&parent=366"}],"wp:term":[{"taxonomy":"product_cat","embeddable":true,"href":"https:\/\/remcuadunglai.com\/index.php?rest_route=%2Fwp%2Fv2%2Fproduct_cat&post=366"},{"taxonomy":"product_tag","embeddable":true,"href":"https:\/\/remcuadunglai.com\/index.php?rest_route=%2Fwp%2Fv2%2Fproduct_tag&post=366"}],"curies":[{"name":"wp","href":"https:\/\/api.w.org\/{rel}","templated":true}]}}