{"id":369,"date":"2023-06-09T08:17:37","date_gmt":"2023-06-09T08:17:37","guid":{"rendered":"https:\/\/remcuadunglai.com\/?post_type=product&#038;p=369"},"modified":"2023-06-09T08:17:37","modified_gmt":"2023-06-09T08:17:37","slug":"rem-sao-nhom","status":"publish","type":"product","link":"https:\/\/remcuadunglai.com\/?product=rem-sao-nhom","title":{"rendered":"R\u00e8m s\u00e1o nh\u00f4m"},"content":{"rendered":"<p><strong><a href=\"https:\/\/remgiare.vn\/san-pham\/rem-sao-nhom-8\">R\u00e8m s\u00e1o nh\u00f4m<\/a><\/strong>\u00a0l\u00e0 d\u00f2ng s\u1ea3n ph\u1ea9m \u0111\u01b0\u1ee3c th\u1ecb tr\u01b0\u1eddng \u01b0a chu\u1ed9ng v\u00e0 tin d\u00f9ng trong nhi\u1ec1u n\u0103m qua v\u1edbi gi\u00e1 th\u00e0nh r\u1ebb, c\u01a1 ch\u1ebf ho\u1ea1t \u0111\u1ed9ng th\u00f4ng minh v\u00e0 th\u1ea9m m\u1ef9 cao trong thi\u1ebft k\u1ebf. Ch\u00ednh v\u00ec v\u1eady m\u00e0 d\u00f2ng s\u1ea3n ph\u1ea9m n\u00e0y \u0111\u00e3 \u0111\u01b0\u1ee3c s\u1eed d\u1ee5ng trong r\u1ea5t nhi\u1ec1u c\u00f4ng tr\u00ecnh nh\u01b0 nh\u00e0 bi\u1ec7t th\u1ef1, chung c\u01b0, nh\u00e0 h\u00e0ng hay kh\u00e1ch s\u1ea1n, khu ngh\u1ec9 d\u01b0\u1ee1ng v\u00e0 \u0111\u1ed1i t\u01b0\u1ee3ng ph\u1ed5 th\u00f4ng nh\u1ea5t v\u1eabn l\u00e0 khu v\u0103n ph\u00f2ng v\u00e0 c\u00f4ng s\u1edf. \u0110\u1ec3 bi\u1ebft \u0111\u01b0\u1ee3c v\u00ec sao r\u00f2ng s\u1ea3n ph\u1ea9m n\u00e0y l\u1ea1i \u0111\u01b0\u1ee3c tin d\u00f9ng \u0111\u1ebfn v\u1eady hay c\u00f9ng ch\u00fang t\u00f4i t\u00ecm hi\u1ec3u v\u1ec1 d\u00f2ng s\u1ea3n ph\u1ea9m n\u00e0y nh\u00e9.<\/p>\n<p>R\u00e8m s\u00e1o nh\u00f4m l\u00e0 lo\u1ea1i r\u00e8m s\u00e1o ngang \u0111\u01b0\u1ee3c t\u1ea1o n\u00ean t\u1eeb nh\u1eefng l\u00e1 nh\u00f4m c\u00f3 \u0111\u1ed9 d\u00e0y 0.3mm v\u1edbi b\u1ea3n l\u00e1 r\u1ed9ng l\u00e0 2.5cm .S\u1ea3n ph\u1ea9m c\u00f3 th\u1ec3 s\u1ea3n xu\u1ea5t kh\u1ed5 r\u1ed9ng t\u1ed1i \u0111a l\u00e0 2.5m v\u00e0 cao t\u1ed1i \u0111a l\u00e0 4m. C\u00f3 kh\u1ea3 n\u0103ng xoay l\u1eadt b\u1ea3n l\u00e1 180 \u0111\u1ed9 n\u00ean t\u1ed1i \u01b0u h\u00f3a trong vi\u1ec7c l\u1ea5y \u00e1nh s\u00e1ng v\u00e0 v\u1ec7 sinh r\u1ec5 d\u00e0ng. S\u1ea3n ph\u1ea9m c\u00f3 th\u1ec3 k\u00e9o g\u1ecdn l\u00ean ph\u1ea7n h\u1ed9p k\u1ef9 thu\u1eadt \u0111\u1ebfn m\u1ee9c t\u1ed1i \u0111a ho\u1eb7c \u0111\u1ebfn \u0111i\u1ec3m b\u1ea5t k\u1ef3 n\u00e0o \u0111\u1ec1u c\u00f3 th\u1ec3 d\u1eebng l\u1ea1i. \u0110\u01b0\u1ee3c s\u1eed d\u1ee5ng ch\u1ee7 y\u1ebfu cho c\u00e1c kh\u00f4ng gian hi\u1ec7n \u0111\u1ea1i nh\u01b0 v\u0103n ph\u00f2ng c\u00f4ng ty, c\u00e1c ph\u00f2ng kh\u00e1ch,&#8230;<\/p>\n<h2><strong><em>Th\u00f4ng tin chi ti\u1ebft s\u1ea3n ph\u1ea9m:<\/em><\/strong><\/h2>\n<p>&#8211; Th\u1ef1c hi\u1ec7n \u0111\u1ea7y \u0111\u1ee7 c\u00f4ng t\u00e1c \u0111o l\u01b0\u1eddng theo k\u00edch th\u01b0\u1edbc c\u1eeda c\u00f4ng tr\u00ecnh<\/p>\n<p>&#8211; Nh\u1eefng thanh nh\u00f4m g\u1ecdn, \u0111\u1eb9p<\/p>\n<p>&#8211; M\u00e0u s\u1eafc s\u01a1n \u0111\u1ed3ng nh\u1ea5t tr\u00ean c\u1ea3 tr\u1ee5c \u0111i\u1ec1u khi\u1ec3n v\u00e0 thanh r\u00e8m<\/p>\n<p>&#8211; D\u1ec5 d\u00e0ng \u0111i\u1ec1u khi\u1ec3n th\u00f4ng qua c\u00e2y \u0111i\u1ec1u khi\u1ec3n xoay tr\u00f2n<\/p>\n<p>&#8211; \u0110i\u1ec1u khi\u1ec3n l\u00e1 r\u00e8m th\u00f4ng qua c\u00e2y \u0111i\u1ec1u khi\u1ec3n b\u00ean tr\u00e1i v\u00e0 thang d\u00e2y b\u00ean ph\u1ea3i<\/p>\n<p>&#8211; D\u1ec5 \u0111i\u1ec1u khi\u1ec3n, ch\u1ed1ng \u1ea9m \u01b0\u1edbt, d\u1ec5 v\u1ec7 sinh \u0111\u00e2y l\u00e0 m\u1ed9t \u0111\u1eb7c t\u00ednh gi\u00fap r\u00e8m s\u00e1o nh\u00f4m l\u00e0 m\u1ed9t l\u1ef1a ch\u1ecdn th\u00edch h\u1ee3p cho ph\u00f2ng b\u1ebfp v\u00e0 ph\u00f2ng t\u1eafm<\/p>\n<p>&#8211; Chi\u1ec1u r\u1ed9ng t\u1ed1i \u0111a: 2600mm, Chi\u1ec1u cao t\u1ed1i \u0111a: 3000mm<\/p>\n<p>&#8211; Chi\u1ec1u r\u1ed9ng t\u1ed1i thi\u1ec3u: 300mm, Chi\u1ec1u cao t\u1ed1i thi\u1ec3u: 200mm<\/p>\n<p>&#8211; Khung \u0111i\u1ec1u khi\u1ec3n h\u1ee3p kim s\u01a1n t\u0129nh \u0111i\u1ec7n.<\/p>\n<p><img loading=\"lazy\" decoding=\"async\" class=\"alignnone size-medium wp-image-370\" src=\"https:\/\/remcuadunglai.com\/wp-content\/uploads\/2023\/06\/z4417781789544_b27dd7cc97cc9c580d2dee3dfe3cfc0a-300x400.jpg\" alt=\"\" width=\"300\" height=\"400\" srcset=\"https:\/\/remcuadunglai.com\/wp-content\/uploads\/2023\/06\/z4417781789544_b27dd7cc97cc9c580d2dee3dfe3cfc0a-300x400.jpg 300w, https:\/\/remcuadunglai.com\/wp-content\/uploads\/2023\/06\/z4417781789544_b27dd7cc97cc9c580d2dee3dfe3cfc0a-600x800.jpg 600w, https:\/\/remcuadunglai.com\/wp-content\/uploads\/2023\/06\/z4417781789544_b27dd7cc97cc9c580d2dee3dfe3cfc0a-768x1024.jpg 768w, https:\/\/remcuadunglai.com\/wp-content\/uploads\/2023\/06\/z4417781789544_b27dd7cc97cc9c580d2dee3dfe3cfc0a.jpg 961w\" sizes=\"auto, (max-width: 300px) 100vw, 300px\" \/><\/p>\n<h3><strong>C\u1ea5u t\u1ea1o c\u1ee7a r\u00e8m s\u00e1o nh\u00f4m:<\/strong><\/h3>\n<p>R\u00e8m \u0111\u01b0\u1ee3c c\u1ea5u t\u1ea1o kh\u00e1 \u0111\u01a1n gi\u1ea3n so v\u1edbi c\u00e1c lo\u1ea1i r\u00e8m kh\u00e1c<\/p>\n<p>Thanh m\u00e0nh s\u00e1o nh\u00f4m<\/p>\n<p>L\u00e0m b\u1eb1ng h\u1ee3p kim s\u1eaft ho\u1eb7c th\u00e9p, c\u00f3 ph\u1ee7 s\u01a1n t\u0129nh \u0111i\u1ec7n tr\u00ean b\u1ec1 m\u1eb7t thanh<\/p>\n<p>Tay xoay: \u0111\u01b0\u1ee3c l\u00e0m b\u1eb1ng nh\u1ef1a ho\u1eb7c th\u00e9p<\/p>\n<p>H\u1ec7 th\u1ed1ng d\u00e2y k\u00e9o: \u0111\u01b0\u1ee3c l\u00e0m b\u1eb1ng ch\u1ea5t li\u1ec7u d\u00f9 c\u00f3 s\u1ee9c ch\u1ecbu l\u1ef1c k\u00e9o n\u1eb7ng<\/p>\n<p>D\u00e2y thang: gi\u00fap gi\u1eef c\u00e1c l\u00e1 nh\u00f4m gi\u1eefu \u0111\u01b0\u1ee3c kho\u1ea3ng c\u00e1ch \u0111\u1ec1u nhau, \u0111\u01b0\u1ee3c l\u00e0m b\u1eb1ng ch\u1ea5t li\u1ec7u d\u00f9<\/p>\n<p>L\u00e1 nh\u00f4m<\/p>\n<p>C\u00e1c l\u00e1 l\u00e0m b\u1eb1ng h\u1ee3p kim nh\u00f4m b\u1ea3n 25mm<\/p>\n<p>L\u00e1 nh\u00f4m c\u00f3 2 lo\u1ea1i: c\u1ea3n s\u00e1ng 100% ( kh\u00f4ng \u0111\u1ef1c l\u1ed7) v\u00e0 c\u1ea3n s\u00e1ng 70% ( c\u00f3 \u0111\u1ee5c l\u1ed7)<\/p>\n<p>\u0110\u1ed9 d\u00e0y l\u00e1 nh\u00f4m: 0,2mm<\/p>\n<p>M\u00e0u s\u1eafc r\u1ea5t phong ph\u00fa v\u00e0 \u0111a d\u1ea1ng ph\u00f9 h\u1ee3p v\u1edbi nhi\u1ec1u kh\u00f4ng gian kh\u00e1c nhau.<\/p>\n","protected":false},"excerpt":{"rendered":"<p>R\u00e8m s\u00e1o nh\u00f4m\u00a0<b>l\u00e0 lo\u1ea1i r\u00e8m s\u00e1o ngang \u0111\u01b0\u1ee3c t\u1ea1o n\u00ean t\u1eeb nh\u1eefng l\u00e1 nh\u00f4m c\u00f3 \u0111\u1ed9 d\u00e0y 0.3mm v\u1edbi b\u1ea3n l\u00e1 r\u1ed9ng l\u00e0 2.5cm<\/b>\u00a0. S\u1ea3n ph\u1ea9m c\u00f3 th\u1ec3 s\u1ea3n xu\u1ea5t kh\u1ed5 r\u1ed9ng t\u1ed1i \u0111a l\u00e0 2.5m v\u00e0 cao t\u1ed1i \u0111a l\u00e0 4m. C\u00f3 kh\u1ea3 n\u0103ng xoay l\u1eadt b\u1ea3n l\u00e1 180 \u0111\u1ed9 n\u00ean t\u1ed1i \u01b0u h\u00f3a trong vi\u1ec7c l\u1ea5y \u00e1nh s\u00e1ng v\u00e0 v\u1ec7 sinh r\u1ec5 d\u00e0ng.<\/p>\n","protected":false},"featured_media":370,"comment_status":"open","ping_status":"closed","template":"","meta":[],"product_cat":[74],"product_tag":[91,89,90],"class_list":{"0":"post-369","1":"product","2":"type-product","3":"status-publish","4":"has-post-thumbnail","6":"product_cat-remsaonhom","7":"product_tag-rem-nhom","8":"product_tag-rem-sao-nhom","9":"product_tag-remsaonhom","11":"first","12":"instock","13":"shipping-taxable","14":"purchasable","15":"product-type-simple"},"_links":{"self":[{"href":"https:\/\/remcuadunglai.com\/index.php?rest_route=\/wp\/v2\/product\/369","targetHints":{"allow":["GET"]}}],"collection":[{"href":"https:\/\/remcuadunglai.com\/index.php?rest_route=\/wp\/v2\/product"}],"about":[{"href":"https:\/\/remcuadunglai.com\/index.php?rest_route=\/wp\/v2\/types\/product"}],"replies":[{"embeddable":true,"href":"https:\/\/remcuadunglai.com\/index.php?rest_route=%2Fwp%2Fv2%2Fcomments&post=369"}],"wp:featuredmedia":[{"embeddable":true,"href":"https:\/\/remcuadunglai.com\/index.php?rest_route=\/wp\/v2\/media\/370"}],"wp:attachment":[{"href":"https:\/\/remcuadunglai.com\/index.php?rest_route=%2Fwp%2Fv2%2Fmedia&parent=369"}],"wp:term":[{"taxonomy":"product_cat","embeddable":true,"href":"https:\/\/remcuadunglai.com\/index.php?rest_route=%2Fwp%2Fv2%2Fproduct_cat&post=369"},{"taxonomy":"product_tag","embeddable":true,"href":"https:\/\/remcuadunglai.com\/index.php?rest_route=%2Fwp%2Fv2%2Fproduct_tag&post=369"}],"curies":[{"name":"wp","href":"https:\/\/api.w.org\/{rel}","templated":true}]}}