{"id":394,"date":"2023-06-10T11:13:59","date_gmt":"2023-06-10T11:13:59","guid":{"rendered":"https:\/\/remcuadunglai.com\/?post_type=product&#038;p=394"},"modified":"2023-06-10T11:14:00","modified_gmt":"2023-06-10T11:14:00","slug":"rem-cua-tu-dong","status":"publish","type":"product","link":"https:\/\/remcuadunglai.com\/?product=rem-cua-tu-dong","title":{"rendered":"R\u00e8m c\u1eeda t\u1ef1 \u0111\u1ed9ng"},"content":{"rendered":"<div class=\"page-title\">\n<div class=\"page-title-inner\">\n<h1 class=\"entry-title-main\"><strong style=\"color: #555555; font-size: 14.4px;\">R\u00e8m c\u1eeda t\u1ef1 \u0111\u1ed9ng c\u00f2n \u0111\u01b0\u1ee3c g\u1ecdi l\u00e0 r\u00e8m th\u00f4ng minh \u0111i\u1ec1u khi\u1ec3n t\u1eeb xa. Nh\u1eefng chi\u1ebfc <a href=\"https:\/\/remcuadunglai.com\/\">r\u00e8m c\u1eeda<\/a> c\u00f3 \u0111\u1ed9ng c\u01a1 n\u00e0y l\u00e0m t\u0103ng th\u00eam s\u1ef1 tinh t\u1ebf v\u00e0 sang tr\u1ecdng cho ng\u00f4i nh\u00e0 c\u1ee7a b\u1ea1n khi ch\u00fang \u0111\u01b0\u1ee3c v\u1eadn h\u00e0nhb\u1edfi s\u1ef1 \u0111i\u1ec1u khi\u1ec3n m\u01b0\u1ee3t m\u00e0 c\u1ee7a m\u1ed9t \u0111i\u1ec1u khi\u1ec3n t\u1eeb xa. Kh\u00f4ng c\u00f3 d\u00e2y l\u00e0m cho nh\u1eefng b\u1ed9 r\u00e8m t\u1ef1 \u0111\u1ed9ng n\u00e0y an to\u00e0n h\u01a1n so v\u1edbi r\u00e8m c\u00f3 d\u00e2y d\u00f9ng tay. Nh\u1eefng ph\u01b0\u01a1ng ph\u00e1p trang tr\u00ed b\u1eb1ng r\u00e8m \u0111\u1ed9ng c\u01a1 n\u00e0y l\u00e0 s\u1ef1 l\u1ef1a ch\u1ecdn ho\u00e0n h\u1ea3o cho nh\u1eefng ng\u00f4i nh\u00e0 c\u00f3 c\u1eeda tr\u00ean cao, c\u1eeda th\u00f4ng t\u1ea7ng, nh\u1eefng \u00f4 c\u1eeda l\u1edbn, nh\u00e0 c\u00f3 v\u1eadt nu\u00f4i v\u00e0 tr\u1ebb em.<\/strong><\/h1>\n<\/div>\n<\/div>\n<div id=\"content\" class=\"site-content\" role=\"main\">\n<article id=\"post-11976\" class=\"post-11976 page type-page status-publish hentry\">\n<div class=\"entry-content\">\n<div class=\"vc_row wpb_row vc_row-fluid\">\n<div class=\"wpb_column vc_column_container vc_col-sm-12\">\n<div class=\"vc_column-inner\">\n<div class=\"wpb_wrapper\">\n<div class=\"wpb_text_column wpb_content_element \">\n<div class=\"wpb_wrapper\">\n<p>N\u1ebfu b\u1ea1n \u0111ang t\u00ecm ki\u1ebfm nh\u1eefng b\u1ed9 r\u00e8m \u0111i\u1ec1u khi\u1ec3n t\u1eeb xa gi\u00e1 r\u1ebb, b\u1ea1n \u0111\u00e3 \u0111\u1ebfn \u0111\u00fang n\u01a1i v\u00ec ch\u00fang t\u00f4i c\u00f3 r\u1ea5t nhi\u1ec1u m\u1eabu m\u00e3 cho b\u1ea1n l\u1ef1a ch\u1ecdn. V\u1edbi b\u1ed9 s\u01b0u t\u1eadp tuy\u1ec7t v\u1eddi v\u1ec1\u00a0<a href=\"https:\/\/remcuadunglai.com\/\">r\u00e8m t\u1ef1 \u0111\u1ed9ng<\/a>\u00a0t\u1ed1t nh\u1ea5t c\u1ee7a Remcuavilla, b\u1ea1n c\u00f3 th\u1ec3 ch\u1eafc ch\u1eafn r\u1eb1ng m\u00ecnh s\u1ebd t\u00ecm \u0111\u01b0\u1ee3c lo\u1ea1i t\u1ed1t nh\u1ea5t cho ng\u00f4i nh\u00e0 c\u1ee7a b\u1ea1n. Bi\u1ebfn ng\u00f4i nh\u00e0 c\u1ee7a m\u00ecnh th\u00e0nh m\u1ed9t ng\u00f4i nh\u00e0 th\u00f4ng minh v\u1edbi c\u00f4ng ngh\u1ec7 hi\u1ec7n \u0111\u1ea1i m\u1edbi nh\u1ea5t v\u00e0 t\u1ed1t nh\u1ea5t.<\/p>\n<\/div>\n<\/div>\n<\/div>\n<\/div>\n<\/div>\n<\/div>\n<\/div>\n<\/article>\n<\/div>\n","protected":false},"excerpt":{"rendered":"<p><strong>R\u00e8m c\u1eeda t\u1ef1 \u0111\u1ed9ng c\u00f2n \u0111\u01b0\u1ee3c g\u1ecdi l\u00e0 r\u00e8m th\u00f4ng minh \u0111i\u1ec1u khi\u1ec3n t\u1eeb xa. Nh\u1eefng chi\u1ebfc\u00a0<a href=\"https:\/\/remcuadunglai.com\/\">r\u00e8m c\u1eeda<\/a>\u00a0c\u00f3 \u0111\u1ed9ng c\u01a1 n\u00e0y l\u00e0m t\u0103ng th\u00eam s\u1ef1 tinh t\u1ebf v\u00e0 sang tr\u1ecdng cho ng\u00f4i nh\u00e0 c\u1ee7a b\u1ea1n khi ch\u00fang \u0111\u01b0\u1ee3c v\u1eadn h\u00e0nh b\u1edfi s\u1ef1 \u0111i\u1ec1u khi\u1ec3n m\u01b0\u1ee3t m\u00e0 c\u1ee7a m\u1ed9t \u0111i\u1ec1u khi\u1ec3n t\u1eeb xa. Kh\u00f4ng c\u00f3 d\u00e2y l\u00e0m cho nh\u1eefng b\u1ed9 r\u00e8m t\u1ef1 \u0111\u1ed9ng n\u00e0y an to\u00e0n h\u01a1n so v\u1edbi r\u00e8m c\u00f3 d\u00e2y d\u00f9ng tay. Nh\u1eefng ph\u01b0\u01a1ng ph\u00e1p trang tr\u00ed b\u1eb1ng r\u00e8m \u0111\u1ed9ng c\u01a1 n\u00e0y l\u00e0 s\u1ef1 l\u1ef1a ch\u1ecdn ho\u00e0n h\u1ea3o cho nh\u1eefng ng\u00f4i nh\u00e0 c\u00f3 c\u1eeda tr\u00ean cao, c\u1eeda th\u00f4ng t\u1ea7ng, nh\u1eefng \u00f4 c\u1eeda l\u1edbn, nh\u00e0 c\u00f3 v\u1eadt nu\u00f4i v\u00e0 tr\u1ebb em.<\/strong><\/p>\n","protected":false},"featured_media":395,"comment_status":"open","ping_status":"closed","template":"","meta":[],"product_cat":[15,95],"product_tag":[85,84],"class_list":{"0":"post-394","1":"product","2":"type-product","3":"status-publish","4":"has-post-thumbnail","6":"product_cat-tonghop","7":"product_cat-rem-thong-minh","8":"product_tag-rem-thong-minh","9":"product_tag-remtudong","11":"first","12":"instock","13":"shipping-taxable","14":"product-type-simple"},"_links":{"self":[{"href":"https:\/\/remcuadunglai.com\/index.php?rest_route=\/wp\/v2\/product\/394","targetHints":{"allow":["GET"]}}],"collection":[{"href":"https:\/\/remcuadunglai.com\/index.php?rest_route=\/wp\/v2\/product"}],"about":[{"href":"https:\/\/remcuadunglai.com\/index.php?rest_route=\/wp\/v2\/types\/product"}],"replies":[{"embeddable":true,"href":"https:\/\/remcuadunglai.com\/index.php?rest_route=%2Fwp%2Fv2%2Fcomments&post=394"}],"wp:featuredmedia":[{"embeddable":true,"href":"https:\/\/remcuadunglai.com\/index.php?rest_route=\/wp\/v2\/media\/395"}],"wp:attachment":[{"href":"https:\/\/remcuadunglai.com\/index.php?rest_route=%2Fwp%2Fv2%2Fmedia&parent=394"}],"wp:term":[{"taxonomy":"product_cat","embeddable":true,"href":"https:\/\/remcuadunglai.com\/index.php?rest_route=%2Fwp%2Fv2%2Fproduct_cat&post=394"},{"taxonomy":"product_tag","embeddable":true,"href":"https:\/\/remcuadunglai.com\/index.php?rest_route=%2Fwp%2Fv2%2Fproduct_tag&post=394"}],"curies":[{"name":"wp","href":"https:\/\/api.w.org\/{rel}","templated":true}]}}